{"id":238,"date":"2023-03-29T15:27:37","date_gmt":"2023-03-29T13:27:37","guid":{"rendered":"https:\/\/geek-forever-prod.com\/?page_id=238"},"modified":"2024-07-31T20:42:43","modified_gmt":"2024-07-31T18:42:43","slug":"the-odyssey-of-stranded-2","status":"publish","type":"page","link":"https:\/\/geek-forever-prod.com\/index.php\/the-odyssey-of-stranded-2\/","title":{"rendered":"The Odyssey of Stranded"},"content":{"rendered":"\n<h2 class=\"wp-block-heading has-text-align-center\">The Odyssey of Stranded<\/h2>\n\n\n\n<figure class=\"wp-block-image aligncenter size-large is-resized\"><img loading=\"lazy\" decoding=\"async\" width=\"1024\" height=\"756\" src=\"https:\/\/geek-forever-prod.com\/wp-content\/uploads\/2024\/07\/affiche-The-odyssey-of-stranded-1024x756.jpg\" alt=\"\" class=\"wp-image-444\" style=\"width:696px;height:auto\" srcset=\"https:\/\/geek-forever-prod.com\/wp-content\/uploads\/2024\/07\/affiche-The-odyssey-of-stranded-1024x756.jpg 1024w, https:\/\/geek-forever-prod.com\/wp-content\/uploads\/2024\/07\/affiche-The-odyssey-of-stranded-300x221.jpg 300w, https:\/\/geek-forever-prod.com\/wp-content\/uploads\/2024\/07\/affiche-The-odyssey-of-stranded-768x567.jpg 768w, https:\/\/geek-forever-prod.com\/wp-content\/uploads\/2024\/07\/affiche-The-odyssey-of-stranded-1536x1134.jpg 1536w, https:\/\/geek-forever-prod.com\/wp-content\/uploads\/2024\/07\/affiche-The-odyssey-of-stranded-2048x1512.jpg 2048w\" sizes=\"(max-width: 1024px) 100vw, 1024px\" \/><\/figure>\n\n\n\n<div class=\"wp-block-group is-content-justification-center is-nowrap is-layout-flex wp-container-core-group-is-layout-1 wp-block-group-is-layout-flex\">\n<div class=\"wp-block-columns is-layout-flex wp-container-core-columns-is-layout-1 wp-block-columns-is-layout-flex\">\n<div class=\"wp-block-column is-layout-flow wp-block-column-is-layout-flow\" style=\"flex-basis:100%\">\n<figure class=\"wp-block-audio aligncenter\"><audio controls src=\"https:\/\/geek-forever-prod.com\/wp-content\/uploads\/2021\/08\/The-odyssey-of-stranded.mp3\"><\/audio><\/figure>\n<\/div>\n<\/div>\n<\/div>\n\n\n\n<p class=\"has-text-align-center\">Un navire \u00e0 la fin de son voyage. A son bord, un \u00e9quipage d\u00e9termin\u00e9 et pr\u00eat \u00e0 aller jusqu&rsquo;au bout. A leur t\u00eate, un capitaine pr\u00eat \u00e0 tout pour mener son \u00e9quipage \u00e0 bon port. Mais, quel port? A quoi ce voyage peut-il bien servir? Pour quelle raison un \u00e9quipage prendrait autant de risque?<br>The Odyssey of Stranded, c&rsquo;est l&rsquo;histoire d&rsquo;un navire perdu, c&rsquo;est l&rsquo;histoire d&rsquo;un \u00e9quipage \u00e9chou\u00e9, c&rsquo;est l&rsquo;histoire d&rsquo;un \u00e9trange voyage qui se terminera dans la r\u00e9ussite ou la perdition.<br><br><\/p>\n\n\n\n<p><strong>avec les voix de:<br><\/strong>-Otharor<br>-rafa96<br>-Mik180<br>-Yggdrasil Vanaheim<br>-LD-Fiction<br>-Simon Foisel<br>-Charles<br>-Maxime F<br>-Maxime J<br>-Nostromo<br>-Betty<\/p>\n","protected":false},"excerpt":{"rendered":"<p>The Odyssey of Stranded Un navire \u00e0 la fin de son voyage. A son bord, un \u00e9quipage d\u00e9termin\u00e9 et pr\u00eat<\/p>\n","protected":false},"author":1,"featured_media":0,"parent":0,"menu_order":0,"comment_status":"closed","ping_status":"closed","template":"","meta":{"footnotes":""},"class_list":["post-238","page","type-page","status-publish","hentry"],"_links":{"self":[{"href":"https:\/\/geek-forever-prod.com\/index.php\/wp-json\/wp\/v2\/pages\/238"}],"collection":[{"href":"https:\/\/geek-forever-prod.com\/index.php\/wp-json\/wp\/v2\/pages"}],"about":[{"href":"https:\/\/geek-forever-prod.com\/index.php\/wp-json\/wp\/v2\/types\/page"}],"author":[{"embeddable":true,"href":"https:\/\/geek-forever-prod.com\/index.php\/wp-json\/wp\/v2\/users\/1"}],"replies":[{"embeddable":true,"href":"https:\/\/geek-forever-prod.com\/index.php\/wp-json\/wp\/v2\/comments?post=238"}],"version-history":[{"count":3,"href":"https:\/\/geek-forever-prod.com\/index.php\/wp-json\/wp\/v2\/pages\/238\/revisions"}],"predecessor-version":[{"id":446,"href":"https:\/\/geek-forever-prod.com\/index.php\/wp-json\/wp\/v2\/pages\/238\/revisions\/446"}],"wp:attachment":[{"href":"https:\/\/geek-forever-prod.com\/index.php\/wp-json\/wp\/v2\/media?parent=238"}],"curies":[{"name":"wp","href":"https:\/\/api.w.org\/{rel}","templated":true}]}}