{"id":234,"date":"2023-03-29T15:27:37","date_gmt":"2023-03-29T13:27:37","guid":{"rendered":"https:\/\/geek-forever-prod.com\/?page_id=234"},"modified":"2024-07-25T10:07:14","modified_gmt":"2024-07-25T08:07:14","slug":"d-day","status":"publish","type":"page","link":"https:\/\/geek-forever-prod.com\/index.php\/d-day\/","title":{"rendered":"D-Day"},"content":{"rendered":"\n<figure class=\"wp-block-image aligncenter size-large is-resized\"><img loading=\"lazy\" decoding=\"async\" width=\"1024\" height=\"576\" src=\"https:\/\/geek-forever-prod.com\/wp-content\/uploads\/2024\/07\/Composition-2_00000-1024x576.png\" alt=\"\" class=\"wp-image-414\" style=\"width:515px;height:auto\" srcset=\"https:\/\/geek-forever-prod.com\/wp-content\/uploads\/2024\/07\/Composition-2_00000-1024x576.png 1024w, https:\/\/geek-forever-prod.com\/wp-content\/uploads\/2024\/07\/Composition-2_00000-300x169.png 300w, https:\/\/geek-forever-prod.com\/wp-content\/uploads\/2024\/07\/Composition-2_00000-768x432.png 768w, https:\/\/geek-forever-prod.com\/wp-content\/uploads\/2024\/07\/Composition-2_00000-1536x864.png 1536w, https:\/\/geek-forever-prod.com\/wp-content\/uploads\/2024\/07\/Composition-2_00000.png 1920w\" sizes=\"(max-width: 1024px) 100vw, 1024px\" \/><\/figure>\n\n\n\n<p class=\"has-text-align-center\"><strong>Une fiction audio r\u00e9alis\u00e9 par Gartresk et Geek Forever Prod<\/strong><\/p>\n\n\n\n<p class=\"has-text-align-left\">La soci\u00e9t\u00e9 Synergy ayant implant\u00e9 la base de recherche Eternity sur la plan\u00e8te mars, ne re\u00e7oit plus de nouvelle de leur structure depuis plus d&rsquo;un an, suite \u00e0 l&rsquo;ouverture d&rsquo;une faille dimensionnelle dirig\u00e9e vers les enfers, lib\u00e9rant des d\u00e9mons ravageant toute la base. Cependant un groupe de survivants tente encore de s&rsquo;\u00e9chapper d&rsquo;Eternity encore infest\u00e9 de monstres. Ils vont faire la rencontre d&rsquo;une arme vivante qui s&rsquo;est activ\u00e9 et qui a pour mission de fermer la faille vers le monde des enfers<\/p>\n\n\n\n<p><\/p>\n\n\n\n<script src=\"https:\/\/podcloud.fr\/player-embed\/helper.js\"><\/script>\n<iframe loading=\"lazy\" width=\"100%\" height=\"380\" src=\"https:\/\/podcloud.fr\/podcast\/d-day\/player\" frameborder=\"0\" allow=\"accelerometer; autoplay; encrypted-media; gyroscope; picture-in-picture; fullscreen\"><\/iframe>\n\n\n\n<p><\/p>\n","protected":false},"excerpt":{"rendered":"<p>Une fiction audio r\u00e9alis\u00e9 par Gartresk et Geek Forever Prod La soci\u00e9t\u00e9 Synergy ayant implant\u00e9 la base de recherche Eternity<\/p>\n","protected":false},"author":1,"featured_media":0,"parent":0,"menu_order":0,"comment_status":"closed","ping_status":"closed","template":"","meta":{"footnotes":""},"class_list":["post-234","page","type-page","status-publish","hentry"],"_links":{"self":[{"href":"https:\/\/geek-forever-prod.com\/index.php\/wp-json\/wp\/v2\/pages\/234"}],"collection":[{"href":"https:\/\/geek-forever-prod.com\/index.php\/wp-json\/wp\/v2\/pages"}],"about":[{"href":"https:\/\/geek-forever-prod.com\/index.php\/wp-json\/wp\/v2\/types\/page"}],"author":[{"embeddable":true,"href":"https:\/\/geek-forever-prod.com\/index.php\/wp-json\/wp\/v2\/users\/1"}],"replies":[{"embeddable":true,"href":"https:\/\/geek-forever-prod.com\/index.php\/wp-json\/wp\/v2\/comments?post=234"}],"version-history":[{"count":8,"href":"https:\/\/geek-forever-prod.com\/index.php\/wp-json\/wp\/v2\/pages\/234\/revisions"}],"predecessor-version":[{"id":421,"href":"https:\/\/geek-forever-prod.com\/index.php\/wp-json\/wp\/v2\/pages\/234\/revisions\/421"}],"wp:attachment":[{"href":"https:\/\/geek-forever-prod.com\/index.php\/wp-json\/wp\/v2\/media?parent=234"}],"curies":[{"name":"wp","href":"https:\/\/api.w.org\/{rel}","templated":true}]}}